{"id":1742,"date":"2020-10-28T20:20:07","date_gmt":"2020-10-28T20:20:07","guid":{"rendered":"https:\/\/sokosti.com\/?page_id=1742"},"modified":"2023-06-15T10:38:42","modified_gmt":"2023-06-15T10:38:42","slug":"majat","status":"publish","type":"page","link":"https:\/\/sokosti.com\/en\/majat\/","title":{"rendered":"Chalets"},"content":{"rendered":"<div class=\"wpb-content-wrapper\"><div class=\"vc_row wpb_row vc_row-fluid\"><div class=\"wpb_column vc_column_container vc_col-sm-12\"><div class=\"vc_column-inner\"><div class=\"wpb_wrapper\"><div id=\"ultimate-heading-755669d4f90c038a9\" class=\"uvc-heading ult-adjust-bottom-margin ultimate-heading-755669d4f90c038a9 uvc-6402  uvc-heading-default-font-sizes\" data-hspacer=\"no_spacer\"  data-halign=\"center\" style=\"text-align:center\"><div class=\"uvc-heading-spacer no_spacer\" style=\"top\"><\/div><div class=\"uvc-main-heading ult-responsive\"  data-ultimate-target='.uvc-heading.ultimate-heading-755669d4f90c038a9 h1'  data-responsive-json-new='{\"font-size\":\"\",\"line-height\":\"\"}' ><h1 style=\"--font-weight:theme;margin-top:20px;margin-bottom:20px;\">Chalets<\/h1><\/div><div class=\"uvc-sub-heading ult-responsive\"  data-ultimate-target='.uvc-heading.ultimate-heading-755669d4f90c038a9 .uvc-sub-heading '  data-responsive-json-new='{\"font-size\":\"\",\"line-height\":\"\"}'  style=\"font-weight:normal;margin-top:0px;margin-bottom:55px;\">Our high-class log chalets Ukselma and Lupukka are located peacefully right next to Urho Kekkonen National Park, and yet in the immediate vicinity of the center of Saariselk\u00e4. These spacious and stylish chalets are suitable for larger groups for which we arrange all customized services such as meals, hostesses and activities. For larger groups, we are happy to offer Puilakka holiday apartments, which allow us to accommodate up to 30 guests in the same courtyard in 5 units.<\/div><\/div><\/div><\/div><\/div><\/div><div class=\"vc_row wpb_row vc_row-fluid\"><div class=\"wpb_column vc_column_container vc_col-sm-6\"><div class=\"vc_column-inner vc_custom_1604548489696\"><div class=\"wpb_wrapper\">\n\t<div  class=\"wpb_single_image wpb_content_element vc_align_center\">\n\t\t\n\t\t<figure class=\"wpb_wrapper vc_figure\">\n\t\t\t<a href=\"https:\/\/sokosti.com\/index.php\/lupukka\/\" target=\"_self\"  class=\"vc_single_image-wrapper   vc_box_border_grey rollover\"   ><img loading=\"lazy\" decoding=\"async\" width=\"1280\" height=\"720\" src=\"https:\/\/sokosti.com\/wp-content\/uploads\/2020\/10\/Ukkoherra-10232020_075155.jpg\" class=\"vc_single_image-img attachment-full\" alt=\"Lupukka\" title=\"Lupukka\" srcset=\"https:\/\/sokosti.com\/wp-content\/uploads\/2020\/10\/Ukkoherra-10232020_075155.jpg 1280w, https:\/\/sokosti.com\/wp-content\/uploads\/2020\/10\/Ukkoherra-10232020_075155-300x169.jpg 300w, https:\/\/sokosti.com\/wp-content\/uploads\/2020\/10\/Ukkoherra-10232020_075155-1024x576.jpg 1024w, https:\/\/sokosti.com\/wp-content\/uploads\/2020\/10\/Ukkoherra-10232020_075155-768x432.jpg 768w\" sizes=\"auto, (max-width: 1280px) 100vw, 1280px\"  data-dt-location=\"https:\/\/sokosti.com\/en\/ukkoherra-10232020_075155\/\" \/><\/a>\n\t\t<\/figure>\n\t<\/div>\n<div class=\"vc_empty_space\"   style=\"height: 5px\"><span class=\"vc_empty_space_inner\"><\/span><\/div><div id=\"ultimate-heading-860669d4f90c05f73\" class=\"uvc-heading ult-adjust-bottom-margin ultimate-heading-860669d4f90c05f73 uvc-7663\" data-hspacer=\"no_spacer\"  data-halign=\"left\" style=\"text-align:left\"><div class=\"uvc-heading-spacer no_spacer\" style=\"top\"><\/div><div class=\"uvc-main-heading ult-responsive\"  data-ultimate-target='.uvc-heading.ultimate-heading-860669d4f90c05f73 h2'  data-responsive-json-new='{\"font-size\":\"desktop:27px;\",\"line-height\":\"\"}' ><h2 style=\"--font-weight:theme;margin-top:25px;margin-bottom:10px;\">Lupukka<\/h2><\/div><div class=\"uvc-sub-heading ult-responsive\"  data-ultimate-target='.uvc-heading.ultimate-heading-860669d4f90c05f73 .uvc-sub-heading '  data-responsive-json-new='{\"font-size\":\"\",\"line-height\":\"\"}'  style=\"font-weight:normal;margin-bottom:25px;\">Lupukka is a spectacular and spacious log chalet for even a larger party to enjoy the holiday. The panoramic windows offer magnificent views of Urho Kekkonen National Park.<\/div><\/div><style type=\"text\/css\" data-type=\"the7_shortcodes-inline-css\">#default-btn-6bdebb2dd2e7632380d888b235b99659.ico-right-side > i {\n  margin-right: 0px;\n  margin-left: 10px;\n}\n#default-btn-6bdebb2dd2e7632380d888b235b99659 > i {\n  margin-right: 10px;\n}\n<\/style><a href=\"https:\/\/sokosti.com\/index.php\/lupukka\/\" class=\"default-btn-shortcode dt-btn dt-btn-s link-hover-off ico-right-side btn-inline-left  vc_custom_1686825464518\" id=\"default-btn-6bdebb2dd2e7632380d888b235b99659\" title=\"Lupukka\"><span>Read more<\/span><i class=\"icomoon-the7-font-the7-arrow-37\"><\/i><\/a><style type=\"text\/css\" data-type=\"the7_shortcodes-inline-css\">#default-btn-baf715c51e2fb96ea84a7fefaaf1fcf3.ico-right-side > i {\n  margin-right: 0px;\n  margin-left: 10px;\n}\n#default-btn-baf715c51e2fb96ea84a7fefaaf1fcf3 > i {\n  margin-right: 10px;\n}\n<\/style><a href=\"https:\/\/sokosti.com\/index.php\/lupukka\/#!\/lupukkavaraa\" class=\"default-btn-shortcode dt-btn dt-btn-s link-hover-off ico-right-side anchor-link btn-inline-left\" id=\"default-btn-baf715c51e2fb96ea84a7fefaaf1fcf3\"><span>Book<\/span><i class=\"icomoon-the7-font-the7-arrow-37\"><\/i><\/a><div class=\"vc_empty_space\"   style=\"height: 25px\"><span class=\"vc_empty_space_inner\"><\/span><\/div><\/div><\/div><\/div><div class=\"wpb_column vc_column_container vc_col-sm-6\"><div class=\"vc_column-inner vc_custom_1604548494483\"><div class=\"wpb_wrapper\">\n\t<div  class=\"wpb_single_image wpb_content_element vc_align_center\">\n\t\t\n\t\t<figure class=\"wpb_wrapper vc_figure\">\n\t\t\t<a href=\"https:\/\/sokosti.com\/index.php\/ukselma\/\" target=\"_self\"  class=\"vc_single_image-wrapper   vc_box_border_grey rollover\"   ><img loading=\"lazy\" decoding=\"async\" width=\"1280\" height=\"720\" src=\"https:\/\/sokosti.com\/wp-content\/uploads\/2020\/10\/Teravapaa-10132020_205958.jpg\" class=\"vc_single_image-img attachment-full\" alt=\"Ukselma\" title=\"Ukselma\" srcset=\"https:\/\/sokosti.com\/wp-content\/uploads\/2020\/10\/Teravapaa-10132020_205958.jpg 1280w, https:\/\/sokosti.com\/wp-content\/uploads\/2020\/10\/Teravapaa-10132020_205958-300x169.jpg 300w, https:\/\/sokosti.com\/wp-content\/uploads\/2020\/10\/Teravapaa-10132020_205958-1024x576.jpg 1024w, https:\/\/sokosti.com\/wp-content\/uploads\/2020\/10\/Teravapaa-10132020_205958-768x432.jpg 768w\" sizes=\"auto, (max-width: 1280px) 100vw, 1280px\"  data-dt-location=\"https:\/\/sokosti.com\/en\/teravapaa-10132020_205958\/\" \/><\/a>\n\t\t<\/figure>\n\t<\/div>\n<div class=\"vc_empty_space\"   style=\"height: 5px\"><span class=\"vc_empty_space_inner\"><\/span><\/div><div id=\"ultimate-heading-68669d4f90c07547\" class=\"uvc-heading ult-adjust-bottom-margin ultimate-heading-68669d4f90c07547 uvc-2495\" data-hspacer=\"no_spacer\"  data-halign=\"left\" style=\"text-align:left\"><div class=\"uvc-heading-spacer no_spacer\" style=\"top\"><\/div><div class=\"uvc-main-heading ult-responsive\"  data-ultimate-target='.uvc-heading.ultimate-heading-68669d4f90c07547 h2'  data-responsive-json-new='{\"font-size\":\"desktop:27px;\",\"line-height\":\"\"}' ><h2 style=\"--font-weight:theme;margin-top:25px;margin-bottom:10px;\">Ukselma<\/h2><\/div><div class=\"uvc-sub-heading ult-responsive\"  data-ultimate-target='.uvc-heading.ultimate-heading-68669d4f90c07547 .uvc-sub-heading '  data-responsive-json-new='{\"font-size\":\"\",\"line-height\":\"\"}'  style=\"font-weight:normal;margin-bottom:25px;\">Ukselma is an elegant 2-storey log chalet offering enchanting views of Urho Kekkonen National Park. Ukselma\u2019s spacious combined lounge and dining area as well as the cozy sauna area provide a great setting for casual socializing.<\/div><\/div><style type=\"text\/css\" data-type=\"the7_shortcodes-inline-css\">#default-btn-0ace4e5171987c791b62abb8c121749f.ico-right-side > i {\n  margin-right: 0px;\n  margin-left: 10px;\n}\n#default-btn-0ace4e5171987c791b62abb8c121749f > i {\n  margin-right: 10px;\n}\n<\/style><a href=\"https:\/\/sokosti.com\/index.php\/ukselma\/\" class=\"default-btn-shortcode dt-btn dt-btn-s link-hover-off ico-right-side btn-inline-left  vc_custom_1686825487976\" id=\"default-btn-0ace4e5171987c791b62abb8c121749f\" title=\"Ukselma\"><span>Read more<\/span><i class=\"icomoon-the7-font-the7-arrow-37\"><\/i><\/a><style type=\"text\/css\" data-type=\"the7_shortcodes-inline-css\">#default-btn-b2a6bb3cf3113e3d160ef85d55b7ea06.ico-right-side > i {\n  margin-right: 0px;\n  margin-left: 10px;\n}\n#default-btn-b2a6bb3cf3113e3d160ef85d55b7ea06 > i {\n  margin-right: 10px;\n}\n<\/style><a href=\"https:\/\/sokosti.com\/index.php\/ukselma\/#!\/ukselmavaraus\" class=\"default-btn-shortcode dt-btn dt-btn-s link-hover-off ico-right-side anchor-link btn-inline-left\" id=\"default-btn-b2a6bb3cf3113e3d160ef85d55b7ea06\"><span>Book<\/span><i class=\"icomoon-the7-font-the7-arrow-37\"><\/i><\/a><div class=\"vc_empty_space\"   style=\"height: 25px\"><span class=\"vc_empty_space_inner\"><\/span><\/div><\/div><\/div><\/div><\/div><div class=\"vc_row wpb_row vc_row-fluid\"><div class=\"wpb_column vc_column_container vc_col-sm-12\"><div class=\"vc_column-inner\"><div class=\"wpb_wrapper\">\n\t<div  class=\"wpb_single_image wpb_content_element vc_align_center\">\n\t\t\n\t\t<figure class=\"wpb_wrapper vc_figure\">\n\t\t\t<a href=\"https:\/\/sokosti.com\/index.php\/lupukkapuilakka\/\" target=\"_self\"  class=\"vc_single_image-wrapper   vc_box_border_grey rollover\"   ><img loading=\"lazy\" decoding=\"async\" width=\"1200\" height=\"800\" src=\"https:\/\/sokosti.com\/wp-content\/uploads\/2020\/10\/Pomoselka_winter17001_171117kv.jpg\" class=\"vc_single_image-img attachment-full\" alt=\"Lupukka &amp; Puilakka\" title=\"Lupukka &amp; Puilakka\" srcset=\"https:\/\/sokosti.com\/wp-content\/uploads\/2020\/10\/Pomoselka_winter17001_171117kv.jpg 1200w, https:\/\/sokosti.com\/wp-content\/uploads\/2020\/10\/Pomoselka_winter17001_171117kv-300x200.jpg 300w, https:\/\/sokosti.com\/wp-content\/uploads\/2020\/10\/Pomoselka_winter17001_171117kv-1024x683.jpg 1024w, https:\/\/sokosti.com\/wp-content\/uploads\/2020\/10\/Pomoselka_winter17001_171117kv-768x512.jpg 768w\" sizes=\"auto, (max-width: 1200px) 100vw, 1200px\"  data-dt-location=\"https:\/\/sokosti.com\/en\/pomoselka_winter17001_171117kv\/\" \/><\/a>\n\t\t<\/figure>\n\t<\/div>\n<div class=\"vc_empty_space\"   style=\"height: 5px\"><span class=\"vc_empty_space_inner\"><\/span><\/div><div id=\"ultimate-heading-198469d4f90c09182\" class=\"uvc-heading ult-adjust-bottom-margin ultimate-heading-198469d4f90c09182 uvc-7695\" data-hspacer=\"no_spacer\"  data-halign=\"left\" style=\"text-align:left\"><div class=\"uvc-heading-spacer no_spacer\" style=\"top\"><\/div><div class=\"uvc-main-heading ult-responsive\"  data-ultimate-target='.uvc-heading.ultimate-heading-198469d4f90c09182 h2'  data-responsive-json-new='{\"font-size\":\"desktop:27px;\",\"line-height\":\"\"}' ><h2 style=\"--font-weight:theme;margin-top:25px;margin-bottom:10px;\">Lupukka chalet and Puilakka holiday apartments together<\/h2><\/div><div class=\"uvc-sub-heading ult-responsive\"  data-ultimate-target='.uvc-heading.ultimate-heading-198469d4f90c09182 .uvc-sub-heading '  data-responsive-json-new='{\"font-size\":\"\",\"line-height\":\"\"}'  style=\"font-weight:normal;margin-bottom:25px;\">Up to 20 guests under the same roof. Lupukka chalet and Puilakka holiday apartments 1-4 are located in the same log building. Lupukka has 4 bedrooms and in addition to this, Puilakka's 4 apartments function as suites with their own entrances. All the meals are served in Lupukka\u2019s spacious dining area. A party of up to 20 people can stay comfortably and enjoy Lupukka\u2019s large lounges.<\/div><\/div><style type=\"text\/css\" data-type=\"the7_shortcodes-inline-css\">#default-btn-48c5c204233a03e3acab6039276c4883.ico-right-side > i {\n  margin-right: 0px;\n  margin-left: 10px;\n}\n#default-btn-48c5c204233a03e3acab6039276c4883 > i {\n  margin-right: 10px;\n}\n<\/style><a href=\"https:\/\/sokosti.com\/index.php\/lupukkapuilakka\/\" class=\"default-btn-shortcode dt-btn dt-btn-s link-hover-off ico-right-side btn-inline-left  vc_custom_1686825513024\" id=\"default-btn-48c5c204233a03e3acab6039276c4883\" title=\"Lupukka & Puilakka Yhdess\u00e4, Koko Talo\"><span>Read more<\/span><i class=\"icomoon-the7-font-the7-arrow-37\"><\/i><\/a><style type=\"text\/css\" data-type=\"the7_shortcodes-inline-css\">#default-btn-208e5c218b5effbcd9044637e01d5bbf.ico-right-side > i {\n  margin-right: 0px;\n  margin-left: 10px;\n}\n#default-btn-208e5c218b5effbcd9044637e01d5bbf > i {\n  margin-right: 10px;\n}\n<\/style><a href=\"https:\/\/sokosti.com\/index.php\/lupukkapuilakka\/#!\/lpvaraus\" class=\"default-btn-shortcode dt-btn dt-btn-s link-hover-off ico-right-side anchor-link btn-inline-left\" id=\"default-btn-208e5c218b5effbcd9044637e01d5bbf\"><span>Book<\/span><i class=\"icomoon-the7-font-the7-arrow-37\"><\/i><\/a><\/div><\/div><\/div><\/div>\n<\/div>","protected":false},"excerpt":{"rendered":"<p>MajatKorkealaatuiset kelomajamme Ukselma ja Lupukka sijaitsevat rauhallisella paikalla aivan Urho Kekkosen kansallispuiston vieress\u00e4, ja kuitenkin Saarisel\u00e4n keskustan v\u00e4litt\u00f6m\u00e4ss\u00e4 l\u00e4heisyydess\u00e4. N\u00e4m\u00e4 tilavat ja tyylikk\u00e4\u00e4t majat sopivat suuremmille seurueille, joille j\u00e4rjest\u00e4mme kaikki palvelut, kuten ateriat, em\u00e4nn\u00f6inti sek\u00e4 aktivititeetit. Suuremmille seurueille tarjoamme my\u00f6s Puilakka lomahuoneistot, jolloin voimme majoittaa jopa 30 henke\u00e4 samassa pihapiiriss\u00e4. LupukkaLupukka on n\u00e4ytt\u00e4v\u00e4 kelomaja, jossa&hellip;<\/p>","protected":false},"author":1,"featured_media":0,"parent":0,"menu_order":0,"comment_status":"closed","ping_status":"closed","template":"","meta":{"footnotes":""},"class_list":["post-1742","page","type-page","status-publish","hentry","description-off"],"yoast_head":"<!-- This site is optimized with the Yoast SEO plugin v25.9 - https:\/\/yoast.com\/wordpress\/plugins\/seo\/ -->\n<title>Majat &#187; Sokosti<\/title>\n<meta name=\"description\" content=\"Korkealaatuiset kelomajamme Ukselma ja Lupukka sijaitsevat rauhallisella paikalla aivan Urho Kekkosen kansallispuiston vieress\u00e4.\" \/>\n<meta name=\"robots\" content=\"index, follow, max-snippet:-1, max-image-preview:large, max-video-preview:-1\" \/>\n<link rel=\"canonical\" href=\"https:\/\/sokosti.com\/en\/majat\/\" \/>\n<meta property=\"og:locale\" content=\"en_GB\" \/>\n<meta property=\"og:type\" content=\"article\" \/>\n<meta property=\"og:title\" content=\"Majat &#187; Sokosti\" \/>\n<meta property=\"og:description\" content=\"Korkealaatuiset kelomajamme Ukselma ja Lupukka sijaitsevat rauhallisella paikalla aivan Urho Kekkosen kansallispuiston vieress\u00e4.\" \/>\n<meta property=\"og:url\" content=\"https:\/\/sokosti.com\/en\/majat\/\" \/>\n<meta property=\"og:site_name\" content=\"Sokosti\" \/>\n<meta property=\"article:modified_time\" content=\"2023-06-15T10:38:42+00:00\" \/>\n<meta name=\"twitter:card\" content=\"summary_large_image\" \/>\n<meta name=\"twitter:label1\" content=\"Estimated reading time\" \/>\n\t<meta name=\"twitter:data1\" content=\"3 minutes\" \/>\n<script type=\"application\/ld+json\" class=\"yoast-schema-graph\">{\"@context\":\"https:\/\/schema.org\",\"@graph\":[{\"@type\":\"WebPage\",\"@id\":\"https:\/\/sokosti.com\/majat\/\",\"url\":\"https:\/\/sokosti.com\/majat\/\",\"name\":\"Majat &#187; Sokosti\",\"isPartOf\":{\"@id\":\"https:\/\/sokosti.com\/#website\"},\"datePublished\":\"2020-10-28T20:20:07+00:00\",\"dateModified\":\"2023-06-15T10:38:42+00:00\",\"description\":\"Korkealaatuiset kelomajamme Ukselma ja Lupukka sijaitsevat rauhallisella paikalla aivan Urho Kekkosen kansallispuiston vieress\u00e4.\",\"breadcrumb\":{\"@id\":\"https:\/\/sokosti.com\/majat\/#breadcrumb\"},\"inLanguage\":\"en-GB\",\"potentialAction\":[{\"@type\":\"ReadAction\",\"target\":[\"https:\/\/sokosti.com\/majat\/\"]}]},{\"@type\":\"BreadcrumbList\",\"@id\":\"https:\/\/sokosti.com\/majat\/#breadcrumb\",\"itemListElement\":[{\"@type\":\"ListItem\",\"position\":1,\"name\":\"Home\",\"item\":\"https:\/\/sokosti.com\/\"},{\"@type\":\"ListItem\",\"position\":2,\"name\":\"Majat\"}]},{\"@type\":\"WebSite\",\"@id\":\"https:\/\/sokosti.com\/#website\",\"url\":\"https:\/\/sokosti.com\/\",\"name\":\"Sokosti\",\"description\":\"Arctic Chalets &amp; Apartments\",\"publisher\":{\"@id\":\"https:\/\/sokosti.com\/#organization\"},\"potentialAction\":[{\"@type\":\"SearchAction\",\"target\":{\"@type\":\"EntryPoint\",\"urlTemplate\":\"https:\/\/sokosti.com\/?s={search_term_string}\"},\"query-input\":{\"@type\":\"PropertyValueSpecification\",\"valueRequired\":true,\"valueName\":\"search_term_string\"}}],\"inLanguage\":\"en-GB\"},{\"@type\":\"Organization\",\"@id\":\"https:\/\/sokosti.com\/#organization\",\"name\":\"Sokosti\",\"url\":\"https:\/\/sokosti.com\/\",\"logo\":{\"@type\":\"ImageObject\",\"inLanguage\":\"en-GB\",\"@id\":\"https:\/\/sokosti.com\/#\/schema\/logo\/image\/\",\"url\":\"https:\/\/sokosti.com\/wp-content\/uploads\/2020\/11\/Logo_tummapuu_kelo-e1605557584886.png\",\"contentUrl\":\"https:\/\/sokosti.com\/wp-content\/uploads\/2020\/11\/Logo_tummapuu_kelo-e1605557584886.png\",\"width\":150,\"height\":92,\"caption\":\"Sokosti\"},\"image\":{\"@id\":\"https:\/\/sokosti.com\/#\/schema\/logo\/image\/\"}}]}<\/script>\n<!-- \/ Yoast SEO plugin. -->","yoast_head_json":{"title":"Majat &#187; Sokosti","description":"Korkealaatuiset kelomajamme Ukselma ja Lupukka sijaitsevat rauhallisella paikalla aivan Urho Kekkosen kansallispuiston vieress\u00e4.","robots":{"index":"index","follow":"follow","max-snippet":"max-snippet:-1","max-image-preview":"max-image-preview:large","max-video-preview":"max-video-preview:-1"},"canonical":"https:\/\/sokosti.com\/en\/majat\/","og_locale":"en_GB","og_type":"article","og_title":"Majat &#187; Sokosti","og_description":"Korkealaatuiset kelomajamme Ukselma ja Lupukka sijaitsevat rauhallisella paikalla aivan Urho Kekkosen kansallispuiston vieress\u00e4.","og_url":"https:\/\/sokosti.com\/en\/majat\/","og_site_name":"Sokosti","article_modified_time":"2023-06-15T10:38:42+00:00","twitter_card":"summary_large_image","twitter_misc":{"Estimated reading time":"3 minutes"},"schema":{"@context":"https:\/\/schema.org","@graph":[{"@type":"WebPage","@id":"https:\/\/sokosti.com\/majat\/","url":"https:\/\/sokosti.com\/majat\/","name":"Majat &#187; Sokosti","isPartOf":{"@id":"https:\/\/sokosti.com\/#website"},"datePublished":"2020-10-28T20:20:07+00:00","dateModified":"2023-06-15T10:38:42+00:00","description":"Korkealaatuiset kelomajamme Ukselma ja Lupukka sijaitsevat rauhallisella paikalla aivan Urho Kekkosen kansallispuiston vieress\u00e4.","breadcrumb":{"@id":"https:\/\/sokosti.com\/majat\/#breadcrumb"},"inLanguage":"en-GB","potentialAction":[{"@type":"ReadAction","target":["https:\/\/sokosti.com\/majat\/"]}]},{"@type":"BreadcrumbList","@id":"https:\/\/sokosti.com\/majat\/#breadcrumb","itemListElement":[{"@type":"ListItem","position":1,"name":"Home","item":"https:\/\/sokosti.com\/"},{"@type":"ListItem","position":2,"name":"Majat"}]},{"@type":"WebSite","@id":"https:\/\/sokosti.com\/#website","url":"https:\/\/sokosti.com\/","name":"Sokosti","description":"Arctic Chalets &amp; Apartments","publisher":{"@id":"https:\/\/sokosti.com\/#organization"},"potentialAction":[{"@type":"SearchAction","target":{"@type":"EntryPoint","urlTemplate":"https:\/\/sokosti.com\/?s={search_term_string}"},"query-input":{"@type":"PropertyValueSpecification","valueRequired":true,"valueName":"search_term_string"}}],"inLanguage":"en-GB"},{"@type":"Organization","@id":"https:\/\/sokosti.com\/#organization","name":"Sokosti","url":"https:\/\/sokosti.com\/","logo":{"@type":"ImageObject","inLanguage":"en-GB","@id":"https:\/\/sokosti.com\/#\/schema\/logo\/image\/","url":"https:\/\/sokosti.com\/wp-content\/uploads\/2020\/11\/Logo_tummapuu_kelo-e1605557584886.png","contentUrl":"https:\/\/sokosti.com\/wp-content\/uploads\/2020\/11\/Logo_tummapuu_kelo-e1605557584886.png","width":150,"height":92,"caption":"Sokosti"},"image":{"@id":"https:\/\/sokosti.com\/#\/schema\/logo\/image\/"}}]}},"_links":{"self":[{"href":"https:\/\/sokosti.com\/en\/wp-json\/wp\/v2\/pages\/1742","targetHints":{"allow":["GET"]}}],"collection":[{"href":"https:\/\/sokosti.com\/en\/wp-json\/wp\/v2\/pages"}],"about":[{"href":"https:\/\/sokosti.com\/en\/wp-json\/wp\/v2\/types\/page"}],"author":[{"embeddable":true,"href":"https:\/\/sokosti.com\/en\/wp-json\/wp\/v2\/users\/1"}],"replies":[{"embeddable":true,"href":"https:\/\/sokosti.com\/en\/wp-json\/wp\/v2\/comments?post=1742"}],"version-history":[{"count":38,"href":"https:\/\/sokosti.com\/en\/wp-json\/wp\/v2\/pages\/1742\/revisions"}],"predecessor-version":[{"id":2671,"href":"https:\/\/sokosti.com\/en\/wp-json\/wp\/v2\/pages\/1742\/revisions\/2671"}],"wp:attachment":[{"href":"https:\/\/sokosti.com\/en\/wp-json\/wp\/v2\/media?parent=1742"}],"curies":[{"name":"wp","href":"https:\/\/api.w.org\/{rel}","templated":true}]}}