{"id":1822,"date":"2020-10-29T00:24:31","date_gmt":"2020-10-29T00:24:31","guid":{"rendered":"https:\/\/sokosti.com\/?page_id=1822"},"modified":"2025-08-27T17:59:44","modified_gmt":"2025-08-27T14:59:44","slug":"lomahuoneistot","status":"publish","type":"page","link":"https:\/\/sokosti.com\/en\/lomahuoneistot\/","title":{"rendered":"Holiday apartments"},"content":{"rendered":"<div class=\"wpb-content-wrapper\"><div class=\"vc_row wpb_row vc_row-fluid\"><div class=\"wpb_column vc_column_container vc_col-sm-12\"><div class=\"vc_column-inner\"><div class=\"wpb_wrapper\"><div id=\"ultimate-heading-415469d98809538b6\" class=\"uvc-heading ult-adjust-bottom-margin ultimate-heading-415469d98809538b6 uvc-8487  uvc-heading-default-font-sizes\" data-hspacer=\"no_spacer\"  data-halign=\"center\" style=\"text-align:center\"><div class=\"uvc-heading-spacer no_spacer\" style=\"top\"><\/div><div class=\"uvc-main-heading ult-responsive\"  data-ultimate-target='.uvc-heading.ultimate-heading-415469d98809538b6 h1'  data-responsive-json-new='{\"font-size\":\"\",\"line-height\":\"\"}' ><h1 style=\"--font-weight:theme;margin-top:20px;margin-bottom:20px;\">Holiday apartments<\/h1><\/div><div class=\"uvc-sub-heading ult-responsive\"  data-ultimate-target='.uvc-heading.ultimate-heading-415469d98809538b6 .uvc-sub-heading '  data-responsive-json-new='{\"font-size\":\"\",\"line-height\":\"\"}'  style=\"font-weight:normal;margin-top:0px;margin-bottom:55px;\">Kodikkaat Puilakka-huoneistomme sijaitsevat rauhallisella paikalla aivan Urho Kekkosen kansallispuiston vieress\u00e4, ja kuitenkin vain muutaman minuutin k\u00e4velymatkan p\u00e4\u00e4ss\u00e4 Saarisel\u00e4n keskustan palveluista. N\u00e4m\u00e4 mukavat lomahuoneistot sopivat hyvin esim. pariskunnille tai pienille perheille. Kaksi vierekk\u00e4ist\u00e4 huoneistoa voi my\u00f6s yhdist\u00e4\u00e4, jolloin voimme majoittaa suuremmankin seurueen yhdess\u00e4.<\/div><\/div><\/div><\/div><\/div><\/div><div class=\"vc_row wpb_row vc_row-fluid\"><div class=\"wpb_column vc_column_container vc_col-sm-12\"><div class=\"vc_column-inner vc_custom_1604548455187\"><div class=\"wpb_wrapper\">\n\t<div  class=\"wpb_single_image wpb_content_element vc_align_right\">\n\t\t\n\t\t<figure class=\"wpb_wrapper vc_figure\">\n\t\t\t<a href=\"https:\/\/sokosti.com\/index.php\/puilakka-1-4\/\" target=\"_self\"  class=\"vc_single_image-wrapper   vc_box_border_grey rollover\"   ><img loading=\"lazy\" decoding=\"async\" width=\"1280\" height=\"720\" src=\"https:\/\/sokosti.com\/wp-content\/uploads\/2020\/10\/Pomoselka-6-10232020_071949.jpg\" class=\"vc_single_image-img attachment-full\" alt=\"Puilakka 1-4\" title=\"Puilakka 1-4\" srcset=\"https:\/\/sokosti.com\/wp-content\/uploads\/2020\/10\/Pomoselka-6-10232020_071949.jpg 1280w, https:\/\/sokosti.com\/wp-content\/uploads\/2020\/10\/Pomoselka-6-10232020_071949-300x169.jpg 300w, https:\/\/sokosti.com\/wp-content\/uploads\/2020\/10\/Pomoselka-6-10232020_071949-1024x576.jpg 1024w, https:\/\/sokosti.com\/wp-content\/uploads\/2020\/10\/Pomoselka-6-10232020_071949-768x432.jpg 768w\" sizes=\"auto, (max-width: 1280px) 100vw, 1280px\"  data-dt-location=\"https:\/\/sokosti.com\/en\/pomoselka-6-10232020_071949\/\" \/><\/a>\n\t\t<\/figure>\n\t<\/div>\n<div class=\"vc_empty_space\"   style=\"height: 5px\"><span class=\"vc_empty_space_inner\"><\/span><\/div><div id=\"ultimate-heading-155069d9880955ec3\" class=\"uvc-heading ult-adjust-bottom-margin ultimate-heading-155069d9880955ec3 uvc-7250\" data-hspacer=\"no_spacer\"  data-halign=\"left\" style=\"text-align:left\"><div class=\"uvc-heading-spacer no_spacer\" style=\"top\"><\/div><div class=\"uvc-main-heading ult-responsive\"  data-ultimate-target='.uvc-heading.ultimate-heading-155069d9880955ec3 h2'  data-responsive-json-new='{\"font-size\":\"desktop:27px;\",\"line-height\":\"\"}' ><h2 style=\"--font-weight:theme;margin-top:25px;margin-bottom:10px;\">Puilakka 1 - 4<\/h2><\/div><div class=\"uvc-sub-heading ult-responsive\"  data-ultimate-target='.uvc-heading.ultimate-heading-155069d9880955ec3 .uvc-sub-heading '  data-responsive-json-new='{\"font-size\":\"\",\"line-height\":\"\"}'  style=\"font-weight:normal;margin-bottom:25px;\">Puilakka lomahuoneistot 1-4 tarjoavat korkeatasoista loma-asumista kelorakennuksessa kansallispuiston vieress\u00e4.<\/div><\/div><style type=\"text\/css\" data-type=\"the7_shortcodes-inline-css\">#default-btn-12a19048daaf60b11782b7c1c53db105.ico-right-side > i {\n  margin-right: 0px;\n  margin-left: 10px;\n}\n#default-btn-12a19048daaf60b11782b7c1c53db105 > i {\n  margin-right: 10px;\n}\n<\/style><a href=\"https:\/\/sokosti.com\/index.php\/puilakka-1-4\/\" class=\"default-btn-shortcode dt-btn dt-btn-s link-hover-off ico-right-side btn-inline-left  vc_custom_1686825729150\" id=\"default-btn-12a19048daaf60b11782b7c1c53db105\"><span>Read more<\/span><i class=\"icomoon-the7-font-the7-arrow-37\"><\/i><\/a><style type=\"text\/css\" data-type=\"the7_shortcodes-inline-css\">#default-btn-5a56aa0eb7ae6405c0b6c040d841eb56.ico-right-side > i {\n  margin-right: 0px;\n  margin-left: 10px;\n}\n#default-btn-5a56aa0eb7ae6405c0b6c040d841eb56 > i {\n  margin-right: 10px;\n}\n<\/style><a href=\"https:\/\/sokosti.com\/index.php\/puilakka-1-4\/#!\/14varaa\" class=\"default-btn-shortcode dt-btn dt-btn-s link-hover-off ico-right-side anchor-link btn-inline-left\" id=\"default-btn-5a56aa0eb7ae6405c0b6c040d841eb56\"><span>Book<\/span><i class=\"icomoon-the7-font-the7-arrow-37\"><\/i><\/a><div class=\"vc_empty_space\"   style=\"height: 25px\"><span class=\"vc_empty_space_inner\"><\/span><\/div><\/div><\/div><\/div><\/div><div class=\"vc_row wpb_row vc_row-fluid\"><div class=\"wpb_column vc_column_container vc_col-sm-12\"><div class=\"vc_column-inner\"><div class=\"wpb_wrapper\"><\/div><\/div><\/div><\/div>\n<\/div>","protected":false},"excerpt":{"rendered":"<p>LomahuoneistotKodikkaat Puilakka-huoneistomme sijaitsevat rauhallisella paikalla aivan Urho Kekkosen kansallispuiston vieress\u00e4, ja kuitenkin vain muutaman minuutin k\u00e4velymatkan p\u00e4\u00e4ss\u00e4 Saarisel\u00e4n keskustan palveluista. N\u00e4m\u00e4 mukavat lomahuoneistot sopivat hyvin esim. pariskunnille tai pienille perheille. Kaksi vierekk\u00e4ist\u00e4 huoneistoa voi my\u00f6s yhdist\u00e4\u00e4, jolloin voimme majoittaa suuremmankin seurueen yhdess\u00e4. Puilakka 1 &#8211; 4Puilakka lomahuoneistot 1-4 tarjoavat korkeatasoista loma-asumista kelorakennuksessa kansallispuiston vieress\u00e4.<\/p>","protected":false},"author":1,"featured_media":0,"parent":0,"menu_order":0,"comment_status":"closed","ping_status":"closed","template":"","meta":{"footnotes":""},"class_list":["post-1822","page","type-page","status-publish","hentry","description-off"],"yoast_head":"<!-- This site is optimized with the Yoast SEO plugin v25.9 - https:\/\/yoast.com\/wordpress\/plugins\/seo\/ -->\n<title>Lomahuoneistot &#187; Sokosti<\/title>\n<meta name=\"description\" content=\"Kodikkaat Puilakka-huoneistomme sijaitsevat rauhallisella paikalla aivan Urho Kekkosen kansallispuiston vieress\u00e4.\" \/>\n<meta name=\"robots\" content=\"index, follow, max-snippet:-1, max-image-preview:large, max-video-preview:-1\" \/>\n<link rel=\"canonical\" href=\"https:\/\/sokosti.com\/en\/lomahuoneistot\/\" \/>\n<meta property=\"og:locale\" content=\"en_GB\" \/>\n<meta property=\"og:type\" content=\"article\" \/>\n<meta property=\"og:title\" content=\"Lomahuoneistot &#187; Sokosti\" \/>\n<meta property=\"og:description\" content=\"Kodikkaat Puilakka-huoneistomme sijaitsevat rauhallisella paikalla aivan Urho Kekkosen kansallispuiston vieress\u00e4.\" \/>\n<meta property=\"og:url\" content=\"https:\/\/sokosti.com\/en\/lomahuoneistot\/\" \/>\n<meta property=\"og:site_name\" content=\"Sokosti\" \/>\n<meta property=\"article:modified_time\" content=\"2025-08-27T14:59:44+00:00\" \/>\n<meta name=\"twitter:card\" content=\"summary_large_image\" \/>\n<meta name=\"twitter:label1\" content=\"Estimated reading time\" \/>\n\t<meta name=\"twitter:data1\" content=\"1 minute\" \/>\n<script type=\"application\/ld+json\" class=\"yoast-schema-graph\">{\"@context\":\"https:\/\/schema.org\",\"@graph\":[{\"@type\":\"WebPage\",\"@id\":\"https:\/\/sokosti.com\/lomahuoneistot\/\",\"url\":\"https:\/\/sokosti.com\/lomahuoneistot\/\",\"name\":\"Lomahuoneistot &#187; Sokosti\",\"isPartOf\":{\"@id\":\"https:\/\/sokosti.com\/#website\"},\"datePublished\":\"2020-10-29T00:24:31+00:00\",\"dateModified\":\"2025-08-27T14:59:44+00:00\",\"description\":\"Kodikkaat Puilakka-huoneistomme sijaitsevat rauhallisella paikalla aivan Urho Kekkosen kansallispuiston vieress\u00e4.\",\"breadcrumb\":{\"@id\":\"https:\/\/sokosti.com\/lomahuoneistot\/#breadcrumb\"},\"inLanguage\":\"en-GB\",\"potentialAction\":[{\"@type\":\"ReadAction\",\"target\":[\"https:\/\/sokosti.com\/lomahuoneistot\/\"]}]},{\"@type\":\"BreadcrumbList\",\"@id\":\"https:\/\/sokosti.com\/lomahuoneistot\/#breadcrumb\",\"itemListElement\":[{\"@type\":\"ListItem\",\"position\":1,\"name\":\"Home\",\"item\":\"https:\/\/sokosti.com\/\"},{\"@type\":\"ListItem\",\"position\":2,\"name\":\"Lomahuoneistot\"}]},{\"@type\":\"WebSite\",\"@id\":\"https:\/\/sokosti.com\/#website\",\"url\":\"https:\/\/sokosti.com\/\",\"name\":\"Sokosti\",\"description\":\"Arctic Chalets &amp; Apartments\",\"publisher\":{\"@id\":\"https:\/\/sokosti.com\/#organization\"},\"potentialAction\":[{\"@type\":\"SearchAction\",\"target\":{\"@type\":\"EntryPoint\",\"urlTemplate\":\"https:\/\/sokosti.com\/?s={search_term_string}\"},\"query-input\":{\"@type\":\"PropertyValueSpecification\",\"valueRequired\":true,\"valueName\":\"search_term_string\"}}],\"inLanguage\":\"en-GB\"},{\"@type\":\"Organization\",\"@id\":\"https:\/\/sokosti.com\/#organization\",\"name\":\"Sokosti\",\"url\":\"https:\/\/sokosti.com\/\",\"logo\":{\"@type\":\"ImageObject\",\"inLanguage\":\"en-GB\",\"@id\":\"https:\/\/sokosti.com\/#\/schema\/logo\/image\/\",\"url\":\"https:\/\/sokosti.com\/wp-content\/uploads\/2020\/11\/Logo_tummapuu_kelo-e1605557584886.png\",\"contentUrl\":\"https:\/\/sokosti.com\/wp-content\/uploads\/2020\/11\/Logo_tummapuu_kelo-e1605557584886.png\",\"width\":150,\"height\":92,\"caption\":\"Sokosti\"},\"image\":{\"@id\":\"https:\/\/sokosti.com\/#\/schema\/logo\/image\/\"}}]}<\/script>\n<!-- \/ Yoast SEO plugin. -->","yoast_head_json":{"title":"Lomahuoneistot &#187; Sokosti","description":"Puilakka Holiday Apartments 1 to 4 offer comfortable holiday accommodation in a log building next to the Urho Kekkonen natural park.","robots":{"index":"index","follow":"follow","max-snippet":"max-snippet:-1","max-image-preview":"max-image-preview:large","max-video-preview":"max-video-preview:-1"},"canonical":"https:\/\/sokosti.com\/en\/lomahuoneistot\/","og_locale":"en_GB","og_type":"article","og_title":"Lomahuoneistot &#187; Sokosti","og_description":"Kodikkaat Puilakka-huoneistomme sijaitsevat rauhallisella paikalla aivan Urho Kekkosen kansallispuiston vieress\u00e4.","og_url":"https:\/\/sokosti.com\/en\/lomahuoneistot\/","og_site_name":"Sokosti","article_modified_time":"2025-08-27T14:59:44+00:00","twitter_card":"summary_large_image","twitter_misc":{"Estimated reading time":"1 minute"},"schema":{"@context":"https:\/\/schema.org","@graph":[{"@type":"WebPage","@id":"https:\/\/sokosti.com\/lomahuoneistot\/","url":"https:\/\/sokosti.com\/lomahuoneistot\/","name":"Lomahuoneistot &#187; Sokosti","isPartOf":{"@id":"https:\/\/sokosti.com\/#website"},"datePublished":"2020-10-29T00:24:31+00:00","dateModified":"2025-08-27T14:59:44+00:00","description":"Puilakka Holiday Apartments 1 to 4 offer comfortable holiday accommodation in a log building next to the Urho Kekkonen natural park.","breadcrumb":{"@id":"https:\/\/sokosti.com\/lomahuoneistot\/#breadcrumb"},"inLanguage":"en-GB","potentialAction":[{"@type":"ReadAction","target":["https:\/\/sokosti.com\/lomahuoneistot\/"]}]},{"@type":"BreadcrumbList","@id":"https:\/\/sokosti.com\/lomahuoneistot\/#breadcrumb","itemListElement":[{"@type":"ListItem","position":1,"name":"Home","item":"https:\/\/sokosti.com\/"},{"@type":"ListItem","position":2,"name":"Lomahuoneistot"}]},{"@type":"WebSite","@id":"https:\/\/sokosti.com\/#website","url":"https:\/\/sokosti.com\/","name":"Sokosti","description":"Arctic Chalets &amp; Apartments","publisher":{"@id":"https:\/\/sokosti.com\/#organization"},"potentialAction":[{"@type":"SearchAction","target":{"@type":"EntryPoint","urlTemplate":"https:\/\/sokosti.com\/?s={search_term_string}"},"query-input":{"@type":"PropertyValueSpecification","valueRequired":true,"valueName":"search_term_string"}}],"inLanguage":"en-GB"},{"@type":"Organization","@id":"https:\/\/sokosti.com\/#organization","name":"Sokosti","url":"https:\/\/sokosti.com\/","logo":{"@type":"ImageObject","inLanguage":"en-GB","@id":"https:\/\/sokosti.com\/#\/schema\/logo\/image\/","url":"https:\/\/sokosti.com\/wp-content\/uploads\/2020\/11\/Logo_tummapuu_kelo-e1605557584886.png","contentUrl":"https:\/\/sokosti.com\/wp-content\/uploads\/2020\/11\/Logo_tummapuu_kelo-e1605557584886.png","width":150,"height":92,"caption":"Sokosti"},"image":{"@id":"https:\/\/sokosti.com\/#\/schema\/logo\/image\/"}}]}},"_links":{"self":[{"href":"https:\/\/sokosti.com\/en\/wp-json\/wp\/v2\/pages\/1822","targetHints":{"allow":["GET"]}}],"collection":[{"href":"https:\/\/sokosti.com\/en\/wp-json\/wp\/v2\/pages"}],"about":[{"href":"https:\/\/sokosti.com\/en\/wp-json\/wp\/v2\/types\/page"}],"author":[{"embeddable":true,"href":"https:\/\/sokosti.com\/en\/wp-json\/wp\/v2\/users\/1"}],"replies":[{"embeddable":true,"href":"https:\/\/sokosti.com\/en\/wp-json\/wp\/v2\/comments?post=1822"}],"version-history":[{"count":28,"href":"https:\/\/sokosti.com\/en\/wp-json\/wp\/v2\/pages\/1822\/revisions"}],"predecessor-version":[{"id":2875,"href":"https:\/\/sokosti.com\/en\/wp-json\/wp\/v2\/pages\/1822\/revisions\/2875"}],"wp:attachment":[{"href":"https:\/\/sokosti.com\/en\/wp-json\/wp\/v2\/media?parent=1822"}],"curies":[{"name":"wp","href":"https:\/\/api.w.org\/{rel}","templated":true}]}}