{"id":2048,"date":"2020-11-05T04:40:38","date_gmt":"2020-11-05T04:40:38","guid":{"rendered":"https:\/\/sokosti.com\/?page_id=2048"},"modified":"2025-08-27T18:02:32","modified_gmt":"2025-08-27T15:02:32","slug":"kokoukset-ja-juhlat","status":"publish","type":"page","link":"https:\/\/sokosti.com\/en\/kokoukset-ja-juhlat\/","title":{"rendered":"Meetings and celebrations"},"content":{"rendered":"<div class=\"wpb-content-wrapper\"><div class=\"vc_row wpb_row vc_row-fluid\"><div class=\"wpb_column vc_column_container vc_col-sm-12\"><div class=\"vc_column-inner\"><div class=\"wpb_wrapper\"><div id=\"ultimate-heading-815969d986b6513f1\" class=\"uvc-heading ult-adjust-bottom-margin ultimate-heading-815969d986b6513f1 uvc-4954  uvc-heading-default-font-sizes\" data-hspacer=\"no_spacer\"  data-halign=\"center\" style=\"text-align:center\"><div class=\"uvc-heading-spacer no_spacer\" style=\"top\"><\/div><div class=\"uvc-main-heading ult-responsive\"  data-ultimate-target='.uvc-heading.ultimate-heading-815969d986b6513f1 h1'  data-responsive-json-new='{\"font-size\":\"\",\"line-height\":\"\"}' ><h1 style=\"--font-weight:theme;margin-top:50px;margin-bottom:50px;\">Meetings and celebrations<\/h1><\/div><div class=\"uvc-sub-heading ult-responsive\"  data-ultimate-target='.uvc-heading.ultimate-heading-815969d986b6513f1 .uvc-sub-heading '  data-responsive-json-new='{\"font-size\":\"\",\"line-height\":\"\"}'  style=\"font-weight:normal;margin-bottom:55px;\"><\/p>\n<p style=\"text-align: center;\">Majamme sopivat mainiosti kokouksiin ja juhliin. Voimme j\u00e4rjest\u00e4\u00e4 kaikki tarvittavat palvelut ja aktiviteetit, joten voit keskitty\u00e4 olennaiseen.<\/p>\n<p><\/div><\/div><\/div><\/div><\/div><\/div><div id=\"kokoukset\" class=\"vc_row wpb_row vc_row-fluid vc_custom_1604641592560 vc_row-o-content-middle vc_row-flex\"><div data-vc-parallax=\"1.5\" data-vc-parallax-image=\"https:\/\/sokosti.com\/wp-content\/uploads\/2020\/11\/Ukkoherra-Kokous-10212020_131938.jpg\" class=\"wpb_column vc_column_container vc_col-sm-6 vc_hidden-xs vc_col-has-fill vc_general vc_parallax vc_parallax-content-moving\"><div class=\"vc_column-inner vc_custom_1605641709924\"><div class=\"wpb_wrapper\"><\/div><\/div><\/div><div class=\"wpb_column vc_column_container vc_col-sm-6 vc_col-has-fill\"><div class=\"vc_column-inner vc_custom_1566654200276\"><div class=\"wpb_wrapper\">\n\t<div  class=\"wpb_single_image wpb_content_element vc_align_left  vc_custom_1605638219889\">\n\t\t\n\t\t<figure class=\"wpb_wrapper vc_figure\">\n\t\t\t<div class=\"vc_single_image-wrapper   vc_box_border_grey\"><img decoding=\"async\" class=\"vc_single_image-img\" src=\"https:\/\/sokosti.com\/wp-content\/uploads\/2020\/11\/Logo_pallo_tummapuu-e1605558775673-35x35.png\" width=\"35\" height=\"35\" alt=\"Logo_pallo_tummapuu\" title=\"Logo_pallo_tummapuu\" loading=\"lazy\"  data-dt-location=\"https:\/\/sokosti.com\/en\/logo_pallo_tummapuu\/\" \/><\/div>\n\t\t<\/figure>\n\t<\/div>\n<div id=\"ultimate-heading-136569d986b65333e\" class=\"uvc-heading ult-adjust-bottom-margin ultimate-heading-136569d986b65333e uvc-9316  uvc-heading-default-font-sizes\" data-hspacer=\"no_spacer\"  data-halign=\"left\" style=\"text-align:left\"><div class=\"uvc-heading-spacer no_spacer\" style=\"top\"><\/div><div class=\"uvc-main-heading ult-responsive\"  data-ultimate-target='.uvc-heading.ultimate-heading-136569d986b65333e h2'  data-responsive-json-new='{\"font-size\":\"\",\"line-height\":\"\"}' ><h2 style=\"--font-weight:theme;margin-bottom:25px;\">Meetings<\/h2><\/div><div class=\"uvc-sub-heading ult-responsive\"  data-ultimate-target='.uvc-heading.ultimate-heading-136569d986b65333e .uvc-sub-heading '  data-responsive-json-new='{\"font-size\":\"\",\"line-height\":\"\"}'  style=\"font-weight:normal;\">The transformable Lupukka chalet is a great meeting venue for up to 20 meeting guests.<\/p>\n<p>The peaceful and cozy environment provides an inspiring environment. We recommend a nature walk or a cross-country ski run at the end of the meeting day, after which you can relax in the spacious sauna area.<\/p>\n<p>Lupukka majaan voi yhdist\u00e4\u00e4 my\u00f6s Ukselma majan sek\u00e4 Puilakka lomahuoneistot, jolloin voimme tarjota majoituksen ja kokouspuitteet jopa 30 henkil\u00f6lle.<\/div><\/div><\/div><\/div><\/div><\/div><div id=\"juhlat\" class=\"vc_row wpb_row vc_row-fluid vc_custom_1604641600203 vc_row-o-content-middle vc_row-flex\"><div class=\"wpb_column vc_column_container vc_col-sm-6 vc_col-has-fill\"><div class=\"vc_column-inner vc_custom_1566654200276\"><div class=\"wpb_wrapper\">\n\t<div  class=\"wpb_single_image wpb_content_element vc_align_left  vc_custom_1605638223742\">\n\t\t\n\t\t<figure class=\"wpb_wrapper vc_figure\">\n\t\t\t<div class=\"vc_single_image-wrapper   vc_box_border_grey\"><img decoding=\"async\" class=\"vc_single_image-img\" src=\"https:\/\/sokosti.com\/wp-content\/uploads\/2020\/11\/Logo_pallo_tummapuu-e1605558775673-35x35.png\" width=\"35\" height=\"35\" alt=\"Logo_pallo_tummapuu\" title=\"Logo_pallo_tummapuu\" loading=\"lazy\"  data-dt-location=\"https:\/\/sokosti.com\/en\/logo_pallo_tummapuu\/\" \/><\/div>\n\t\t<\/figure>\n\t<\/div>\n<div id=\"ultimate-heading-374569d986b654124\" class=\"uvc-heading ult-adjust-bottom-margin ultimate-heading-374569d986b654124 uvc-2216  uvc-heading-default-font-sizes\" data-hspacer=\"no_spacer\"  data-halign=\"left\" style=\"text-align:left\"><div class=\"uvc-heading-spacer no_spacer\" style=\"top\"><\/div><div class=\"uvc-main-heading ult-responsive\"  data-ultimate-target='.uvc-heading.ultimate-heading-374569d986b654124 h2'  data-responsive-json-new='{\"font-size\":\"\",\"line-height\":\"\"}' ><h2 style=\"--font-weight:theme;margin-bottom:25px;\">Parties and celebrations<\/h2><\/div><div class=\"uvc-sub-heading ult-responsive\"  data-ultimate-target='.uvc-heading.ultimate-heading-374569d986b654124 .uvc-sub-heading '  data-responsive-json-new='{\"font-size\":\"\",\"line-height\":\"\"}'  style=\"font-weight:normal;\">Lupukka maja sopii mainiosti erilaisten juhlien j\u00e4rjest\u00e4miseen.<\/p>\n<p>You don\u2019t have to worry about serving or decorating, as our professional staff creates a great setting for your private event.<\/p>\n<p>The Lupukka chalet can also be combined with the Ukselma chalet and our four Puilakka holiday apartments, so we can offer accommodation for an even larger party up to 30 guests in the same courtyard.<\/div><\/div><\/div><\/div><\/div><div data-vc-parallax=\"1.5\" data-vc-parallax-image=\"https:\/\/sokosti.com\/wp-content\/uploads\/2020\/11\/pexels-jeshootscom-834894-scaled.jpg\" class=\"wpb_column vc_column_container vc_col-sm-6 vc_hidden-xs vc_col-has-fill vc_general vc_parallax vc_parallax-content-moving\"><div class=\"vc_column-inner vc_custom_1605726986261\"><div class=\"wpb_wrapper\"><\/div><\/div><\/div><\/div>\n<\/div>","protected":false},"excerpt":{"rendered":"<p>Kokoukset ja juhlat Majamme sopivat mainiosti kokouksiin ja juhliin. Voimme j\u00e4rjest\u00e4\u00e4 kaikki tarvittavat palvelut ja aktiviteetit, joten voit keskitty\u00e4 olennaiseen. KokouksetMuuntautumiskykyinen Lupukka maja sopii loistavasti kokouspaikaksi jopa 20 kokousvieraalle. Rauhallinen ja viihtyis\u00e4 ymp\u00e4rist\u00f6 tarjoaa inspiroivan ymp\u00e4rist\u00f6n kokouksille. Suosittelemme esim luontok\u00e4vely\u00e4 tai hiihtolenkki\u00e4 kokousp\u00e4iv\u00e4n p\u00e4\u00e4tteeksi, jonka j\u00e4lkeen voit nauttia tilavasta saunaosastosta. Lupukka majaan voi yhdist\u00e4\u00e4 my\u00f6s&hellip;<\/p>","protected":false},"author":1,"featured_media":0,"parent":0,"menu_order":0,"comment_status":"closed","ping_status":"closed","template":"","meta":{"footnotes":""},"class_list":["post-2048","page","type-page","status-publish","hentry","description-off"],"yoast_head":"<!-- This site is optimized with the Yoast SEO plugin v25.9 - https:\/\/yoast.com\/wordpress\/plugins\/seo\/ -->\n<title>Kokoukset ja juhlat &#187; Sokosti<\/title>\n<meta name=\"robots\" content=\"index, follow, max-snippet:-1, max-image-preview:large, max-video-preview:-1\" \/>\n<link rel=\"canonical\" href=\"https:\/\/sokosti.com\/en\/kokoukset-ja-juhlat\/\" \/>\n<meta property=\"og:locale\" content=\"en_GB\" \/>\n<meta property=\"og:type\" content=\"article\" \/>\n<meta property=\"og:title\" content=\"Kokoukset ja juhlat &#187; Sokosti\" \/>\n<meta property=\"og:url\" content=\"https:\/\/sokosti.com\/en\/kokoukset-ja-juhlat\/\" \/>\n<meta property=\"og:site_name\" content=\"Sokosti\" \/>\n<meta property=\"article:modified_time\" content=\"2025-08-27T15:02:32+00:00\" \/>\n<meta name=\"twitter:card\" content=\"summary_large_image\" \/>\n<meta name=\"twitter:label1\" content=\"Estimated reading time\" \/>\n\t<meta name=\"twitter:data1\" content=\"2 minutes\" \/>\n<script type=\"application\/ld+json\" class=\"yoast-schema-graph\">{\"@context\":\"https:\/\/schema.org\",\"@graph\":[{\"@type\":\"WebPage\",\"@id\":\"https:\/\/sokosti.com\/kokoukset-ja-juhlat\/\",\"url\":\"https:\/\/sokosti.com\/kokoukset-ja-juhlat\/\",\"name\":\"Kokoukset ja juhlat &#187; Sokosti\",\"isPartOf\":{\"@id\":\"https:\/\/sokosti.com\/#website\"},\"datePublished\":\"2020-11-05T04:40:38+00:00\",\"dateModified\":\"2025-08-27T15:02:32+00:00\",\"breadcrumb\":{\"@id\":\"https:\/\/sokosti.com\/kokoukset-ja-juhlat\/#breadcrumb\"},\"inLanguage\":\"en-GB\",\"potentialAction\":[{\"@type\":\"ReadAction\",\"target\":[\"https:\/\/sokosti.com\/kokoukset-ja-juhlat\/\"]}]},{\"@type\":\"BreadcrumbList\",\"@id\":\"https:\/\/sokosti.com\/kokoukset-ja-juhlat\/#breadcrumb\",\"itemListElement\":[{\"@type\":\"ListItem\",\"position\":1,\"name\":\"Home\",\"item\":\"https:\/\/sokosti.com\/\"},{\"@type\":\"ListItem\",\"position\":2,\"name\":\"Kokoukset ja juhlat\"}]},{\"@type\":\"WebSite\",\"@id\":\"https:\/\/sokosti.com\/#website\",\"url\":\"https:\/\/sokosti.com\/\",\"name\":\"Sokosti\",\"description\":\"Arctic Chalets &amp; Apartments\",\"publisher\":{\"@id\":\"https:\/\/sokosti.com\/#organization\"},\"potentialAction\":[{\"@type\":\"SearchAction\",\"target\":{\"@type\":\"EntryPoint\",\"urlTemplate\":\"https:\/\/sokosti.com\/?s={search_term_string}\"},\"query-input\":{\"@type\":\"PropertyValueSpecification\",\"valueRequired\":true,\"valueName\":\"search_term_string\"}}],\"inLanguage\":\"en-GB\"},{\"@type\":\"Organization\",\"@id\":\"https:\/\/sokosti.com\/#organization\",\"name\":\"Sokosti\",\"url\":\"https:\/\/sokosti.com\/\",\"logo\":{\"@type\":\"ImageObject\",\"inLanguage\":\"en-GB\",\"@id\":\"https:\/\/sokosti.com\/#\/schema\/logo\/image\/\",\"url\":\"https:\/\/sokosti.com\/wp-content\/uploads\/2020\/11\/Logo_tummapuu_kelo-e1605557584886.png\",\"contentUrl\":\"https:\/\/sokosti.com\/wp-content\/uploads\/2020\/11\/Logo_tummapuu_kelo-e1605557584886.png\",\"width\":150,\"height\":92,\"caption\":\"Sokosti\"},\"image\":{\"@id\":\"https:\/\/sokosti.com\/#\/schema\/logo\/image\/\"}}]}<\/script>\n<!-- \/ Yoast SEO plugin. -->","yoast_head_json":{"title":"Kokoukset ja juhlat &#187; Sokosti","robots":{"index":"index","follow":"follow","max-snippet":"max-snippet:-1","max-image-preview":"max-image-preview:large","max-video-preview":"max-video-preview:-1"},"canonical":"https:\/\/sokosti.com\/en\/kokoukset-ja-juhlat\/","og_locale":"en_GB","og_type":"article","og_title":"Kokoukset ja juhlat &#187; Sokosti","og_url":"https:\/\/sokosti.com\/en\/kokoukset-ja-juhlat\/","og_site_name":"Sokosti","article_modified_time":"2025-08-27T15:02:32+00:00","twitter_card":"summary_large_image","twitter_misc":{"Estimated reading time":"2 minutes"},"schema":{"@context":"https:\/\/schema.org","@graph":[{"@type":"WebPage","@id":"https:\/\/sokosti.com\/kokoukset-ja-juhlat\/","url":"https:\/\/sokosti.com\/kokoukset-ja-juhlat\/","name":"Kokoukset ja juhlat &#187; Sokosti","isPartOf":{"@id":"https:\/\/sokosti.com\/#website"},"datePublished":"2020-11-05T04:40:38+00:00","dateModified":"2025-08-27T15:02:32+00:00","breadcrumb":{"@id":"https:\/\/sokosti.com\/kokoukset-ja-juhlat\/#breadcrumb"},"inLanguage":"en-GB","potentialAction":[{"@type":"ReadAction","target":["https:\/\/sokosti.com\/kokoukset-ja-juhlat\/"]}]},{"@type":"BreadcrumbList","@id":"https:\/\/sokosti.com\/kokoukset-ja-juhlat\/#breadcrumb","itemListElement":[{"@type":"ListItem","position":1,"name":"Home","item":"https:\/\/sokosti.com\/"},{"@type":"ListItem","position":2,"name":"Kokoukset ja juhlat"}]},{"@type":"WebSite","@id":"https:\/\/sokosti.com\/#website","url":"https:\/\/sokosti.com\/","name":"Sokosti","description":"Arctic Chalets &amp; Apartments","publisher":{"@id":"https:\/\/sokosti.com\/#organization"},"potentialAction":[{"@type":"SearchAction","target":{"@type":"EntryPoint","urlTemplate":"https:\/\/sokosti.com\/?s={search_term_string}"},"query-input":{"@type":"PropertyValueSpecification","valueRequired":true,"valueName":"search_term_string"}}],"inLanguage":"en-GB"},{"@type":"Organization","@id":"https:\/\/sokosti.com\/#organization","name":"Sokosti","url":"https:\/\/sokosti.com\/","logo":{"@type":"ImageObject","inLanguage":"en-GB","@id":"https:\/\/sokosti.com\/#\/schema\/logo\/image\/","url":"https:\/\/sokosti.com\/wp-content\/uploads\/2020\/11\/Logo_tummapuu_kelo-e1605557584886.png","contentUrl":"https:\/\/sokosti.com\/wp-content\/uploads\/2020\/11\/Logo_tummapuu_kelo-e1605557584886.png","width":150,"height":92,"caption":"Sokosti"},"image":{"@id":"https:\/\/sokosti.com\/#\/schema\/logo\/image\/"}}]}},"_links":{"self":[{"href":"https:\/\/sokosti.com\/en\/wp-json\/wp\/v2\/pages\/2048","targetHints":{"allow":["GET"]}}],"collection":[{"href":"https:\/\/sokosti.com\/en\/wp-json\/wp\/v2\/pages"}],"about":[{"href":"https:\/\/sokosti.com\/en\/wp-json\/wp\/v2\/types\/page"}],"author":[{"embeddable":true,"href":"https:\/\/sokosti.com\/en\/wp-json\/wp\/v2\/users\/1"}],"replies":[{"embeddable":true,"href":"https:\/\/sokosti.com\/en\/wp-json\/wp\/v2\/comments?post=2048"}],"version-history":[{"count":13,"href":"https:\/\/sokosti.com\/en\/wp-json\/wp\/v2\/pages\/2048\/revisions"}],"predecessor-version":[{"id":2877,"href":"https:\/\/sokosti.com\/en\/wp-json\/wp\/v2\/pages\/2048\/revisions\/2877"}],"wp:attachment":[{"href":"https:\/\/sokosti.com\/en\/wp-json\/wp\/v2\/media?parent=2048"}],"curies":[{"name":"wp","href":"https:\/\/api.w.org\/{rel}","templated":true}]}}