{"id":51,"date":"2019-06-23T05:58:00","date_gmt":"2019-06-23T05:58:00","guid":{"rendered":"https:\/\/the7.io\/hotel\/?page_id=51"},"modified":"2025-08-08T15:24:04","modified_gmt":"2025-08-08T12:24:04","slug":"yhteystiedot","status":"publish","type":"page","link":"https:\/\/sokosti.com\/en\/yhteystiedot\/","title":{"rendered":"Contact us"},"content":{"rendered":"<div class=\"wpb-content-wrapper\"><div class=\"vc_row wpb_row vc_row-fluid\"><div class=\"wpb_column vc_column_container vc_col-sm-12\"><div class=\"vc_column-inner\"><div class=\"wpb_wrapper\"><div id=\"ultimate-heading-592769e124b33b5c6\" class=\"uvc-heading ult-adjust-bottom-margin ultimate-heading-592769e124b33b5c6 uvc-2099  uvc-heading-default-font-sizes\" data-hspacer=\"no_spacer\"  data-halign=\"center\" style=\"text-align:center\"><div class=\"uvc-heading-spacer no_spacer\" style=\"top\"><\/div><div class=\"uvc-main-heading ult-responsive\"  data-ultimate-target='.uvc-heading.ultimate-heading-592769e124b33b5c6 h1'  data-responsive-json-new='{\"font-size\":\"\",\"line-height\":\"\"}' ><h1 style=\"--font-weight:theme;margin-top:50px;margin-bottom:50px;\">Contact us<\/h1><\/div><\/div><\/div><\/div><\/div><\/div><div data-vc-full-width=\"true\" data-vc-full-width-temp=\"true\" data-vc-full-width-init=\"false\" data-vc-stretch-content=\"true\" class=\"vc_row wpb_row vc_row-fluid vc_row-no-padding\"><div class=\"wpb_column vc_column_container vc_col-sm-12\"><div class=\"vc_column-inner\"><div class=\"wpb_wrapper\"><div class=\"wpb_gmaps_widget wpb_content_element\"><div class=\"wpb_wrapper\"><div class=\"wpb_map_wraper\"><iframe loading=\"lazy\" src=\"https:\/\/www.google.com\/maps\/embed?pb=!1m18!1m12!1m3!1d1467.5949235634623!2d27.42294431664255!3d68.41784048570132!2m3!1f0!2f0!3f0!3m2!1i1024!2i768!4f13.1!3m3!1m2!1s0x45cd43131425ac77%3A0xe62d31f571546f5a!2sSokosti%20-%20Kelomajat%20(ent.%20Pomoselk%C3%A4)!5e0!3m2!1sfi!2sfi!4v1611838482644!5m2!1sfi!2sfi\" width=\"600\" height=\"450\" frameborder=\"0\" style=\"border:0;\" allowfullscreen=\"\" aria-hidden=\"false\" tabindex=\"0\"><\/iframe><\/div><\/div><\/div><\/div><\/div><\/div><\/div><div class=\"vc_row-full-width vc_clearfix\"><\/div><div class=\"vc_row wpb_row vc_row-fluid vc_custom_1568800511110 vc_row-o-content-middle vc_row-flex\"><div data-vc-parallax=\"1.5\" data-vc-parallax-image=\"https:\/\/sokosti.com\/wp-content\/uploads\/2020\/11\/Ukselma3_1-scaled.jpg\" class=\"wpb_column vc_column_container vc_col-sm-6 vc_hidden-xs vc_col-has-fill vc_general vc_parallax vc_parallax-content-moving\"><div class=\"vc_column-inner vc_custom_1605782227436\"><div class=\"wpb_wrapper\"><\/div><\/div><\/div><div class=\"wpb_column vc_column_container vc_col-sm-6 vc_col-has-fill\"><div class=\"vc_column-inner vc_custom_1566653419514\"><div class=\"wpb_wrapper\">\n\t<div  class=\"wpb_single_image wpb_content_element vc_align_left  vc_custom_1605638457996\">\n\t\t\n\t\t<figure class=\"wpb_wrapper vc_figure\">\n\t\t\t<div class=\"vc_single_image-wrapper   vc_box_border_grey\"><img decoding=\"async\" class=\"vc_single_image-img\" src=\"https:\/\/sokosti.com\/wp-content\/uploads\/2020\/11\/Logo_pallo_tummapuu-e1605558775673-35x35.png\" width=\"35\" height=\"35\" alt=\"Logo_pallo_tummapuu\" title=\"Logo_pallo_tummapuu\" loading=\"lazy\"  data-dt-location=\"https:\/\/sokosti.com\/en\/logo_pallo_tummapuu\/\" \/><\/div>\n\t\t<\/figure>\n\t<\/div>\n<div id=\"ultimate-heading-313269e124b33f1e8\" class=\"uvc-heading ult-adjust-bottom-margin ultimate-heading-313269e124b33f1e8 uvc-3535  uvc-heading-default-font-sizes\" data-hspacer=\"no_spacer\"  data-halign=\"left\" style=\"text-align:left\"><div class=\"uvc-heading-spacer no_spacer\" style=\"top\"><\/div><div class=\"uvc-main-heading ult-responsive\"  data-ultimate-target='.uvc-heading.ultimate-heading-313269e124b33f1e8 h2'  data-responsive-json-new='{\"font-size\":\"\",\"line-height\":\"\"}' ><h2 style=\"--font-weight:theme;margin-bottom:25px;\">Contact us<\/h2><\/div><\/div><div class=\"vc_row wpb_row vc_inner vc_row-fluid vc_row-o-equal-height vc_row-o-content-middle vc_row-flex\"><div class=\"wpb_column vc_column_container vc_col-sm-2\"><div class=\"vc_column-inner vc_custom_1565164944880\"><div class=\"wpb_wrapper\"><style type=\"text\/css\" data-type=\"the7_shortcodes-inline-css\">.dt-shortcode-icon.icon-6a6b8af8b7d542974ea3161fab82c887 {\n  min-width: 44px;\n  min-height: 44px;\n  font-size: 32px;\n  border-radius: 0px;\n}\n.dt-shortcode-icon.icon-6a6b8af8b7d542974ea3161fab82c887:last-child {\n  margin-right: 0;\n}\n.dt-shortcode-icon.icon-6a6b8af8b7d542974ea3161fab82c887 .icon-inner {\n  margin: 0px;\n  min-width: 44px;\n  min-height: 44px;\n  border-radius: 0px;\n}\n.dt-shortcode-icon.icon-6a6b8af8b7d542974ea3161fab82c887 .dt-hover-icon {\n  line-height: 44px;\n}\n.dt-shortcode-icon.icon-6a6b8af8b7d542974ea3161fab82c887:before,\n.dt-shortcode-icon.icon-6a6b8af8b7d542974ea3161fab82c887:after,\n.dt-shortcode-icon.icon-6a6b8af8b7d542974ea3161fab82c887 .icon-inner:before,\n.dt-shortcode-icon.icon-6a6b8af8b7d542974ea3161fab82c887 .icon-inner:after {\n  min-width: 100%;\n  min-height: 100%;\n  padding: inherit;\n  border-radius: inherit;\n}\n.dt-shortcode-icon.icon-6a6b8af8b7d542974ea3161fab82c887.dt-icon-border-on:before {\n  border-width: 0px;\n  border-style: solid;\n}\n.dt-icon-border-dashed.dt-shortcode-icon.icon-6a6b8af8b7d542974ea3161fab82c887.dt-icon-border-on:before {\n  border-style: dashed;\n}\n.dt-icon-border-dotted.dt-shortcode-icon.icon-6a6b8af8b7d542974ea3161fab82c887.dt-icon-border-on:before {\n  border-style: dotted;\n}\n.dt-icon-border-double.dt-shortcode-icon.icon-6a6b8af8b7d542974ea3161fab82c887.dt-icon-border-on:before {\n  border-style: double;\n}\n.dt-shortcode-icon.icon-6a6b8af8b7d542974ea3161fab82c887.dt-icon-hover-border-on:after {\n  border-width: 0px;\n  border-style: solid;\n}\n.dt-icon-border-dashed.dt-shortcode-icon.icon-6a6b8af8b7d542974ea3161fab82c887.dt-icon-hover-border-on:after {\n  border-style: dashed;\n}\n.dt-icon-border-dotted.dt-shortcode-icon.icon-6a6b8af8b7d542974ea3161fab82c887.dt-icon-hover-border-on:after {\n  border-style: dotted;\n}\n.dt-icon-border-double.dt-shortcode-icon.icon-6a6b8af8b7d542974ea3161fab82c887.dt-icon-hover-border-on:after {\n  border-style: double;\n}\n.dt-shortcode-icon.icon-6a6b8af8b7d542974ea3161fab82c887.dt-icon-hover-on:hover {\n  font-size: 32px;\n}\n#page .dt-shortcode-icon.icon-6a6b8af8b7d542974ea3161fab82c887.dt-icon-hover-on:hover .soc-font-icon,\n#phantom .dt-shortcode-icon.icon-6a6b8af8b7d542974ea3161fab82c887.dt-icon-hover-on:hover .soc-font-icon,\n#page .dt-shortcode-icon.icon-6a6b8af8b7d542974ea3161fab82c887.dt-icon-hover-on:hover .soc-icon,\n#phantom .dt-shortcode-icon.icon-6a6b8af8b7d542974ea3161fab82c887.dt-icon-hover-on:hover .soc-icon {\n  color: rgba(255,255,255,0.75);\n  background: none;\n}\n.dt-shortcode-icon.icon-6a6b8af8b7d542974ea3161fab82c887 .soc-font-icon,\n.dt-shortcode-icon.icon-6a6b8af8b7d542974ea3161fab82c887 .soc-icon {\n  font-size: 32px;\n}\n<\/style><div class=\"dt-shortcode-icon-wrap dt-icon-center\"><span  class=\"anchor-link fas fa-map-marker icon-6a6b8af8b7d542974ea3161fab82c887 dt-shortcode-icon dt-icon-bg-off dt-icon-hover-border-on dt-icon-hover-off dt-icon-hover-bg-on  vc_custom_1604549371750\" ><span class=\"icon-inner\"><i class=\"dt-regular-icon soc-icon fas fa-map-marker\"><\/i><i class=\"dt-hover-icon soc-icon fas fa-map-marker\"><\/i><span class=\"screen-reader-text\"><\/span><\/span><\/span><\/div><\/div><\/div><\/div><div class=\"wpb_column vc_column_container vc_col-sm-10\"><div class=\"vc_column-inner vc_custom_1566488549803\"><div class=\"wpb_wrapper\"><div id=\"ultimate-heading-879369e124b34068d\" class=\"uvc-heading ult-adjust-bottom-margin ultimate-heading-879369e124b34068d uvc-8639  uvc-heading-default-font-sizes\" data-hspacer=\"no_spacer\"  data-halign=\"left\" style=\"text-align:left\"><div class=\"uvc-heading-spacer no_spacer\" style=\"top\"><\/div><div class=\"uvc-sub-heading ult-responsive\"  data-ultimate-target='.uvc-heading.ultimate-heading-879369e124b34068d .uvc-sub-heading '  data-responsive-json-new='{\"font-size\":\"\",\"line-height\":\"\"}'  style=\"font-weight:normal;margin-bottom:20px;\">Raitopolku 20, 99830 Saariselk\u00e4<\/div><\/div><\/div><\/div><\/div><\/div><div class=\"vc_row wpb_row vc_inner vc_row-fluid vc_row-o-equal-height vc_row-o-content-middle vc_row-flex\"><div class=\"wpb_column vc_column_container vc_col-sm-2\"><div class=\"vc_column-inner vc_custom_1565164944880\"><div class=\"wpb_wrapper\"><style type=\"text\/css\" data-type=\"the7_shortcodes-inline-css\">.dt-shortcode-icon.icon-ccd7ce6145a3ca7412b1c4d4dec61d89 {\n  min-width: 44px;\n  min-height: 44px;\n  font-size: 32px;\n  border-radius: 0px;\n}\n.dt-shortcode-icon.icon-ccd7ce6145a3ca7412b1c4d4dec61d89:last-child {\n  margin-right: 0;\n}\n.dt-shortcode-icon.icon-ccd7ce6145a3ca7412b1c4d4dec61d89 .icon-inner {\n  margin: 0px;\n  min-width: 44px;\n  min-height: 44px;\n  border-radius: 0px;\n}\n.dt-shortcode-icon.icon-ccd7ce6145a3ca7412b1c4d4dec61d89 .dt-hover-icon {\n  line-height: 44px;\n}\n.dt-shortcode-icon.icon-ccd7ce6145a3ca7412b1c4d4dec61d89:before,\n.dt-shortcode-icon.icon-ccd7ce6145a3ca7412b1c4d4dec61d89:after,\n.dt-shortcode-icon.icon-ccd7ce6145a3ca7412b1c4d4dec61d89 .icon-inner:before,\n.dt-shortcode-icon.icon-ccd7ce6145a3ca7412b1c4d4dec61d89 .icon-inner:after {\n  min-width: 100%;\n  min-height: 100%;\n  padding: inherit;\n  border-radius: inherit;\n}\n.dt-shortcode-icon.icon-ccd7ce6145a3ca7412b1c4d4dec61d89.dt-icon-border-on:before {\n  border-width: 0px;\n  border-style: solid;\n}\n.dt-icon-border-dashed.dt-shortcode-icon.icon-ccd7ce6145a3ca7412b1c4d4dec61d89.dt-icon-border-on:before {\n  border-style: dashed;\n}\n.dt-icon-border-dotted.dt-shortcode-icon.icon-ccd7ce6145a3ca7412b1c4d4dec61d89.dt-icon-border-on:before {\n  border-style: dotted;\n}\n.dt-icon-border-double.dt-shortcode-icon.icon-ccd7ce6145a3ca7412b1c4d4dec61d89.dt-icon-border-on:before {\n  border-style: double;\n}\n.dt-shortcode-icon.icon-ccd7ce6145a3ca7412b1c4d4dec61d89.dt-icon-hover-border-on:after {\n  border-width: 0px;\n  border-style: solid;\n}\n.dt-icon-border-dashed.dt-shortcode-icon.icon-ccd7ce6145a3ca7412b1c4d4dec61d89.dt-icon-hover-border-on:after {\n  border-style: dashed;\n}\n.dt-icon-border-dotted.dt-shortcode-icon.icon-ccd7ce6145a3ca7412b1c4d4dec61d89.dt-icon-hover-border-on:after {\n  border-style: dotted;\n}\n.dt-icon-border-double.dt-shortcode-icon.icon-ccd7ce6145a3ca7412b1c4d4dec61d89.dt-icon-hover-border-on:after {\n  border-style: double;\n}\n.dt-shortcode-icon.icon-ccd7ce6145a3ca7412b1c4d4dec61d89.dt-icon-hover-on:hover {\n  font-size: 32px;\n}\n#page .dt-shortcode-icon.icon-ccd7ce6145a3ca7412b1c4d4dec61d89.dt-icon-hover-on:hover .soc-font-icon,\n#phantom .dt-shortcode-icon.icon-ccd7ce6145a3ca7412b1c4d4dec61d89.dt-icon-hover-on:hover .soc-font-icon,\n#page .dt-shortcode-icon.icon-ccd7ce6145a3ca7412b1c4d4dec61d89.dt-icon-hover-on:hover .soc-icon,\n#phantom .dt-shortcode-icon.icon-ccd7ce6145a3ca7412b1c4d4dec61d89.dt-icon-hover-on:hover .soc-icon {\n  color: rgba(255,255,255,0.75);\n  background: none;\n}\n.dt-shortcode-icon.icon-ccd7ce6145a3ca7412b1c4d4dec61d89 .soc-font-icon,\n.dt-shortcode-icon.icon-ccd7ce6145a3ca7412b1c4d4dec61d89 .soc-icon {\n  font-size: 32px;\n}\n<\/style><div class=\"dt-shortcode-icon-wrap dt-icon-center\"><span  class=\"anchor-link icomoon-the7-font-the7-phone-01 icon-ccd7ce6145a3ca7412b1c4d4dec61d89 dt-shortcode-icon dt-icon-bg-off dt-icon-hover-border-on dt-icon-hover-off dt-icon-hover-bg-on  vc_custom_1604549389536\" ><span class=\"icon-inner\"><i class=\"dt-regular-icon soc-icon icomoon-the7-font-the7-phone-01\"><\/i><i class=\"dt-hover-icon soc-icon icomoon-the7-font-the7-phone-01\"><\/i><span class=\"screen-reader-text\"><\/span><\/span><\/span><\/div><\/div><\/div><\/div><div class=\"wpb_column vc_column_container vc_col-sm-10\"><div class=\"vc_column-inner vc_custom_1566488602143\"><div class=\"wpb_wrapper\"><div id=\"ultimate-heading-205269e124b341431\" class=\"uvc-heading ult-adjust-bottom-margin ultimate-heading-205269e124b341431 uvc-9715  uvc-heading-default-font-sizes\" data-hspacer=\"no_spacer\"  data-halign=\"left\" style=\"text-align:left\"><div class=\"uvc-heading-spacer no_spacer\" style=\"top\"><\/div><div class=\"uvc-sub-heading ult-responsive\"  data-ultimate-target='.uvc-heading.ultimate-heading-205269e124b341431 .uvc-sub-heading '  data-responsive-json-new='{\"font-size\":\"\",\"line-height\":\"\"}'  style=\"font-weight:normal;margin-bottom:20px;\">Maintenance \/ +358 40 770 5835<\/p>\n<p>Reservations \/ +358 40 770 5835<\/div><\/div><\/div><\/div><\/div><\/div><div class=\"vc_row wpb_row vc_inner vc_row-fluid vc_row-o-equal-height vc_row-o-content-middle vc_row-flex\"><div class=\"wpb_column vc_column_container vc_col-sm-2\"><div class=\"vc_column-inner vc_custom_1565164944880\"><div class=\"wpb_wrapper\"><style type=\"text\/css\" data-type=\"the7_shortcodes-inline-css\">.dt-shortcode-icon.icon-cdb0980f330dad53c972ea1fb846ecfa {\n  min-width: 44px;\n  min-height: 44px;\n  font-size: 32px;\n  border-radius: 0px;\n}\n.dt-shortcode-icon.icon-cdb0980f330dad53c972ea1fb846ecfa:last-child {\n  margin-right: 0;\n}\n.dt-shortcode-icon.icon-cdb0980f330dad53c972ea1fb846ecfa .icon-inner {\n  margin: 0px;\n  min-width: 44px;\n  min-height: 44px;\n  border-radius: 0px;\n}\n.dt-shortcode-icon.icon-cdb0980f330dad53c972ea1fb846ecfa .dt-hover-icon {\n  line-height: 44px;\n}\n.dt-shortcode-icon.icon-cdb0980f330dad53c972ea1fb846ecfa:before,\n.dt-shortcode-icon.icon-cdb0980f330dad53c972ea1fb846ecfa:after,\n.dt-shortcode-icon.icon-cdb0980f330dad53c972ea1fb846ecfa .icon-inner:before,\n.dt-shortcode-icon.icon-cdb0980f330dad53c972ea1fb846ecfa .icon-inner:after {\n  min-width: 100%;\n  min-height: 100%;\n  padding: inherit;\n  border-radius: inherit;\n}\n.dt-shortcode-icon.icon-cdb0980f330dad53c972ea1fb846ecfa.dt-icon-border-on:before {\n  border-width: 0px;\n  border-style: solid;\n}\n.dt-icon-border-dashed.dt-shortcode-icon.icon-cdb0980f330dad53c972ea1fb846ecfa.dt-icon-border-on:before {\n  border-style: dashed;\n}\n.dt-icon-border-dotted.dt-shortcode-icon.icon-cdb0980f330dad53c972ea1fb846ecfa.dt-icon-border-on:before {\n  border-style: dotted;\n}\n.dt-icon-border-double.dt-shortcode-icon.icon-cdb0980f330dad53c972ea1fb846ecfa.dt-icon-border-on:before {\n  border-style: double;\n}\n.dt-shortcode-icon.icon-cdb0980f330dad53c972ea1fb846ecfa.dt-icon-hover-border-on:after {\n  border-width: 0px;\n  border-style: solid;\n}\n.dt-icon-border-dashed.dt-shortcode-icon.icon-cdb0980f330dad53c972ea1fb846ecfa.dt-icon-hover-border-on:after {\n  border-style: dashed;\n}\n.dt-icon-border-dotted.dt-shortcode-icon.icon-cdb0980f330dad53c972ea1fb846ecfa.dt-icon-hover-border-on:after {\n  border-style: dotted;\n}\n.dt-icon-border-double.dt-shortcode-icon.icon-cdb0980f330dad53c972ea1fb846ecfa.dt-icon-hover-border-on:after {\n  border-style: double;\n}\n.dt-shortcode-icon.icon-cdb0980f330dad53c972ea1fb846ecfa.dt-icon-hover-on:hover {\n  font-size: 32px;\n}\n#page .dt-shortcode-icon.icon-cdb0980f330dad53c972ea1fb846ecfa.dt-icon-hover-on:hover .soc-font-icon,\n#phantom .dt-shortcode-icon.icon-cdb0980f330dad53c972ea1fb846ecfa.dt-icon-hover-on:hover .soc-font-icon,\n#page .dt-shortcode-icon.icon-cdb0980f330dad53c972ea1fb846ecfa.dt-icon-hover-on:hover .soc-icon,\n#phantom .dt-shortcode-icon.icon-cdb0980f330dad53c972ea1fb846ecfa.dt-icon-hover-on:hover .soc-icon {\n  color: rgba(255,255,255,0.75);\n  background: none;\n}\n.dt-shortcode-icon.icon-cdb0980f330dad53c972ea1fb846ecfa .soc-font-icon,\n.dt-shortcode-icon.icon-cdb0980f330dad53c972ea1fb846ecfa .soc-icon {\n  font-size: 32px;\n}\n<\/style><div class=\"dt-shortcode-icon-wrap dt-icon-center\"><span  class=\"anchor-link icomoon-the7-font-the7-mail-01 icon-cdb0980f330dad53c972ea1fb846ecfa dt-shortcode-icon dt-icon-bg-off dt-icon-hover-border-on dt-icon-hover-off dt-icon-hover-bg-on  vc_custom_1604549393712\" ><span class=\"icon-inner\"><i class=\"dt-regular-icon soc-icon icomoon-the7-font-the7-mail-01\"><\/i><i class=\"dt-hover-icon soc-icon icomoon-the7-font-the7-mail-01\"><\/i><span class=\"screen-reader-text\"><\/span><\/span><\/span><\/div><\/div><\/div><\/div><div class=\"wpb_column vc_column_container vc_col-sm-10\"><div class=\"vc_column-inner vc_custom_1566488618308\"><div class=\"wpb_wrapper\"><div id=\"ultimate-heading-143169e124b34213f\" class=\"uvc-heading ult-adjust-bottom-margin ultimate-heading-143169e124b34213f uvc-8802  uvc-heading-default-font-sizes\" data-hspacer=\"no_spacer\"  data-halign=\"left\" style=\"text-align:left\"><div class=\"uvc-heading-spacer no_spacer\" style=\"top\"><\/div><div class=\"uvc-sub-heading ult-responsive\"  data-ultimate-target='.uvc-heading.ultimate-heading-143169e124b34213f .uvc-sub-heading '  data-responsive-json-new='{\"font-size\":\"\",\"line-height\":\"\"}'  style=\"font-weight:normal;margin-bottom:20px;\">info(a)sokosti.com<\/div><\/div><\/div><\/div><\/div><\/div><div class=\"vc_row wpb_row vc_inner vc_row-fluid vc_row-o-equal-height vc_row-o-content-middle vc_row-flex\"><div class=\"wpb_column vc_column_container vc_col-sm-2\"><div class=\"vc_column-inner\"><div class=\"wpb_wrapper\"><div class=\"vc_icon_element vc_icon_element-outer vc_custom_1616416693327 vc_do_icon vc_icon_element-align-left\"><div class=\"vc_icon_element-inner vc_icon_element-color-custom vc_icon_element-size-md vc_icon_element-style- vc_icon_element-background-color-grey\" ><span class=\"vc_icon_element-icon fas fa-image\" ><\/span><a class=\"vc_icon_element-link\" href=\"https:\/\/flic.kr\/s\/aHsmU73HVt\"  title=\"\" target=\"_blank\"><\/a><\/div><\/div><\/div><\/div><\/div><div class=\"wpb_column vc_column_container vc_col-sm-10\"><div class=\"vc_column-inner vc_custom_1616417864003\"><div class=\"wpb_wrapper\"><div id=\"ultimate-heading-227869e124b343169\" class=\"uvc-heading ult-adjust-bottom-margin ultimate-heading-227869e124b343169 uvc-2061  uvc-heading-default-font-sizes\" data-hspacer=\"no_spacer\"  data-halign=\"left\" style=\"text-align:left\"><div class=\"uvc-heading-spacer no_spacer\" style=\"top\"><\/div><div class=\"uvc-sub-heading ult-responsive\"  data-ultimate-target='.uvc-heading.ultimate-heading-227869e124b343169 .uvc-sub-heading '  data-responsive-json-new='{\"font-size\":\"\",\"line-height\":\"\"}'  style=\"font-weight:normal;margin-bottom:20px;\"><a href=\"https:\/\/flic.kr\/s\/aHsmU73HVt\">Photo Gallery<\/a><\/div><\/div><\/div><\/div><\/div><\/div><\/div><\/div><\/div><\/div>\n<\/div>","protected":false},"excerpt":{"rendered":"<p>Yhteystiedot YhteystiedotRaitopolku 20, 99830 Saariselk\u00e4Yll\u00e4pito ja palvelupyynn\u00f6t \/ +358 40 718 3837 Varaukset \/ +358 40 770 5835info(a)sokosti.comPhoto Gallery<\/p>","protected":false},"author":1,"featured_media":0,"parent":0,"menu_order":0,"comment_status":"closed","ping_status":"closed","template":"","meta":{"footnotes":""},"class_list":["post-51","page","type-page","status-publish","hentry","description-off"],"yoast_head":"<!-- This site is optimized with the Yoast SEO plugin v25.9 - https:\/\/yoast.com\/wordpress\/plugins\/seo\/ -->\n<title>Yhteystiedot &#187; Sokosti<\/title>\n<meta name=\"robots\" content=\"index, follow, max-snippet:-1, max-image-preview:large, max-video-preview:-1\" \/>\n<link rel=\"canonical\" href=\"https:\/\/sokosti.com\/en\/yhteystiedot\/\" \/>\n<meta property=\"og:locale\" content=\"en_GB\" \/>\n<meta property=\"og:type\" content=\"article\" \/>\n<meta property=\"og:title\" content=\"Yhteystiedot &#187; Sokosti\" \/>\n<meta property=\"og:url\" content=\"https:\/\/sokosti.com\/en\/yhteystiedot\/\" \/>\n<meta property=\"og:site_name\" content=\"Sokosti\" \/>\n<meta property=\"article:modified_time\" content=\"2025-08-08T12:24:04+00:00\" \/>\n<meta name=\"twitter:card\" content=\"summary_large_image\" \/>\n<meta name=\"twitter:label1\" content=\"Estimated reading time\" \/>\n\t<meta name=\"twitter:data1\" content=\"2 minutes\" \/>\n<script type=\"application\/ld+json\" class=\"yoast-schema-graph\">{\"@context\":\"https:\/\/schema.org\",\"@graph\":[{\"@type\":\"WebPage\",\"@id\":\"https:\/\/sokosti.com\/yhteystiedot\/\",\"url\":\"https:\/\/sokosti.com\/yhteystiedot\/\",\"name\":\"Yhteystiedot &#187; Sokosti\",\"isPartOf\":{\"@id\":\"https:\/\/sokosti.com\/#website\"},\"datePublished\":\"2019-06-23T05:58:00+00:00\",\"dateModified\":\"2025-08-08T12:24:04+00:00\",\"breadcrumb\":{\"@id\":\"https:\/\/sokosti.com\/yhteystiedot\/#breadcrumb\"},\"inLanguage\":\"en-GB\",\"potentialAction\":[{\"@type\":\"ReadAction\",\"target\":[\"https:\/\/sokosti.com\/yhteystiedot\/\"]}]},{\"@type\":\"BreadcrumbList\",\"@id\":\"https:\/\/sokosti.com\/yhteystiedot\/#breadcrumb\",\"itemListElement\":[{\"@type\":\"ListItem\",\"position\":1,\"name\":\"Home\",\"item\":\"https:\/\/sokosti.com\/\"},{\"@type\":\"ListItem\",\"position\":2,\"name\":\"Yhteystiedot\"}]},{\"@type\":\"WebSite\",\"@id\":\"https:\/\/sokosti.com\/#website\",\"url\":\"https:\/\/sokosti.com\/\",\"name\":\"Sokosti\",\"description\":\"Arctic Chalets &amp; Apartments\",\"publisher\":{\"@id\":\"https:\/\/sokosti.com\/#organization\"},\"potentialAction\":[{\"@type\":\"SearchAction\",\"target\":{\"@type\":\"EntryPoint\",\"urlTemplate\":\"https:\/\/sokosti.com\/?s={search_term_string}\"},\"query-input\":{\"@type\":\"PropertyValueSpecification\",\"valueRequired\":true,\"valueName\":\"search_term_string\"}}],\"inLanguage\":\"en-GB\"},{\"@type\":\"Organization\",\"@id\":\"https:\/\/sokosti.com\/#organization\",\"name\":\"Sokosti\",\"url\":\"https:\/\/sokosti.com\/\",\"logo\":{\"@type\":\"ImageObject\",\"inLanguage\":\"en-GB\",\"@id\":\"https:\/\/sokosti.com\/#\/schema\/logo\/image\/\",\"url\":\"https:\/\/sokosti.com\/wp-content\/uploads\/2020\/11\/Logo_tummapuu_kelo-e1605557584886.png\",\"contentUrl\":\"https:\/\/sokosti.com\/wp-content\/uploads\/2020\/11\/Logo_tummapuu_kelo-e1605557584886.png\",\"width\":150,\"height\":92,\"caption\":\"Sokosti\"},\"image\":{\"@id\":\"https:\/\/sokosti.com\/#\/schema\/logo\/image\/\"}}]}<\/script>\n<!-- \/ Yoast SEO plugin. -->","yoast_head_json":{"title":"Yhteystiedot &#187; Sokosti","robots":{"index":"index","follow":"follow","max-snippet":"max-snippet:-1","max-image-preview":"max-image-preview:large","max-video-preview":"max-video-preview:-1"},"canonical":"https:\/\/sokosti.com\/en\/yhteystiedot\/","og_locale":"en_GB","og_type":"article","og_title":"Yhteystiedot &#187; Sokosti","og_url":"https:\/\/sokosti.com\/en\/yhteystiedot\/","og_site_name":"Sokosti","article_modified_time":"2025-08-08T12:24:04+00:00","twitter_card":"summary_large_image","twitter_misc":{"Estimated reading time":"2 minutes"},"schema":{"@context":"https:\/\/schema.org","@graph":[{"@type":"WebPage","@id":"https:\/\/sokosti.com\/yhteystiedot\/","url":"https:\/\/sokosti.com\/yhteystiedot\/","name":"Yhteystiedot &#187; Sokosti","isPartOf":{"@id":"https:\/\/sokosti.com\/#website"},"datePublished":"2019-06-23T05:58:00+00:00","dateModified":"2025-08-08T12:24:04+00:00","breadcrumb":{"@id":"https:\/\/sokosti.com\/yhteystiedot\/#breadcrumb"},"inLanguage":"en-GB","potentialAction":[{"@type":"ReadAction","target":["https:\/\/sokosti.com\/yhteystiedot\/"]}]},{"@type":"BreadcrumbList","@id":"https:\/\/sokosti.com\/yhteystiedot\/#breadcrumb","itemListElement":[{"@type":"ListItem","position":1,"name":"Home","item":"https:\/\/sokosti.com\/"},{"@type":"ListItem","position":2,"name":"Yhteystiedot"}]},{"@type":"WebSite","@id":"https:\/\/sokosti.com\/#website","url":"https:\/\/sokosti.com\/","name":"Sokosti","description":"Arctic Chalets &amp; Apartments","publisher":{"@id":"https:\/\/sokosti.com\/#organization"},"potentialAction":[{"@type":"SearchAction","target":{"@type":"EntryPoint","urlTemplate":"https:\/\/sokosti.com\/?s={search_term_string}"},"query-input":{"@type":"PropertyValueSpecification","valueRequired":true,"valueName":"search_term_string"}}],"inLanguage":"en-GB"},{"@type":"Organization","@id":"https:\/\/sokosti.com\/#organization","name":"Sokosti","url":"https:\/\/sokosti.com\/","logo":{"@type":"ImageObject","inLanguage":"en-GB","@id":"https:\/\/sokosti.com\/#\/schema\/logo\/image\/","url":"https:\/\/sokosti.com\/wp-content\/uploads\/2020\/11\/Logo_tummapuu_kelo-e1605557584886.png","contentUrl":"https:\/\/sokosti.com\/wp-content\/uploads\/2020\/11\/Logo_tummapuu_kelo-e1605557584886.png","width":150,"height":92,"caption":"Sokosti"},"image":{"@id":"https:\/\/sokosti.com\/#\/schema\/logo\/image\/"}}]}},"_links":{"self":[{"href":"https:\/\/sokosti.com\/en\/wp-json\/wp\/v2\/pages\/51","targetHints":{"allow":["GET"]}}],"collection":[{"href":"https:\/\/sokosti.com\/en\/wp-json\/wp\/v2\/pages"}],"about":[{"href":"https:\/\/sokosti.com\/en\/wp-json\/wp\/v2\/types\/page"}],"author":[{"embeddable":true,"href":"https:\/\/sokosti.com\/en\/wp-json\/wp\/v2\/users\/1"}],"replies":[{"embeddable":true,"href":"https:\/\/sokosti.com\/en\/wp-json\/wp\/v2\/comments?post=51"}],"version-history":[{"count":37,"href":"https:\/\/sokosti.com\/en\/wp-json\/wp\/v2\/pages\/51\/revisions"}],"predecessor-version":[{"id":2842,"href":"https:\/\/sokosti.com\/en\/wp-json\/wp\/v2\/pages\/51\/revisions\/2842"}],"wp:attachment":[{"href":"https:\/\/sokosti.com\/en\/wp-json\/wp\/v2\/media?parent=51"}],"curies":[{"name":"wp","href":"https:\/\/api.w.org\/{rel}","templated":true}]}}